{"id":218,"date":"2026-04-08T18:09:02","date_gmt":"2026-04-08T18:09:02","guid":{"rendered":"https:\/\/chocolateriedeschefs.com\/?page_id=218"},"modified":"2026-04-08T18:16:52","modified_gmt":"2026-04-08T18:16:52","slug":"mentions-legales","status":"publish","type":"page","link":"https:\/\/chocolateriedeschefs.com\/index.php\/mentions-legales\/","title":{"rendered":"Mentions l\u00e9gales"},"content":{"rendered":"\t\t<div data-elementor-type=\"wp-page\" data-elementor-id=\"218\" class=\"elementor elementor-218\">\n\t\t\t\t<div class=\"elementor-element elementor-element-47ace875 e-flex e-con-boxed e-con e-parent\" data-id=\"47ace875\" data-element_type=\"container\" data-e-type=\"container\" data-settings=\"{&quot;background_background&quot;:&quot;classic&quot;}\">\n\t\t\t\t\t<div class=\"e-con-inner\">\n\t\t<div class=\"elementor-element elementor-element-7d9904a4 e-con-full e-flex e-con e-child\" data-id=\"7d9904a4\" data-element_type=\"container\" data-e-type=\"container\" data-settings=\"{&quot;background_background&quot;:&quot;video&quot;,&quot;background_play_once&quot;:&quot;yes&quot;}\">\n\t\t\t\t<div class=\"elementor-element elementor-element-7111929d elementor-widget elementor-widget-heading\" data-id=\"7111929d\" data-element_type=\"widget\" data-e-type=\"widget\" data-widget_type=\"heading.default\">\n\t\t\t\t\t<h1 class=\"elementor-heading-title elementor-size-default\"><i>Mentions l\u00e9gales<\/i><\/h1>\t\t\t\t<\/div>\n\t\t<div class=\"elementor-element elementor-element-993db39 e-grid e-con-full e-con e-child\" data-id=\"993db39\" data-element_type=\"container\" data-e-type=\"container\">\n\t\t\t\t<div class=\"elementor-element elementor-element-63bccc4d elementor-align-right elementor-widget elementor-widget-button\" data-id=\"63bccc4d\" data-element_type=\"widget\" data-e-type=\"widget\" data-widget_type=\"button.default\">\n\t\t\t\t\t\t\t\t\t\t<a class=\"elementor-button elementor-button-link elementor-size-sm\" href=\"#\">\n\t\t\t\t\t\t<span class=\"elementor-button-content-wrapper\">\n\t\t\t\t\t\t\t\t\t<span class=\"elementor-button-text\">D\u00e9couvrir les gourmandises<\/span>\n\t\t\t\t\t<\/span>\n\t\t\t\t\t<\/a>\n\t\t\t\t\t\t\t\t<\/div>\n\t\t\t\t<div class=\"elementor-element elementor-element-1bc05ea9 elementor-align-left elementor-widget elementor-widget-button\" data-id=\"1bc05ea9\" data-element_type=\"widget\" data-e-type=\"widget\" data-widget_type=\"button.default\">\n\t\t\t\t\t\t\t\t\t\t<a class=\"elementor-button elementor-button-link elementor-size-sm\" href=\"#\">\n\t\t\t\t\t\t<span class=\"elementor-button-content-wrapper\">\n\t\t\t\t\t\t\t\t\t<span class=\"elementor-button-text\">Contactez-nous !<\/span>\n\t\t\t\t\t<\/span>\n\t\t\t\t\t<\/a>\n\t\t\t\t\t\t\t\t<\/div>\n\t\t\t\t<\/div>\n\t\t\t\t<\/div>\n\t\t\t\t\t<\/div>\n\t\t\t\t<\/div>\n\t\t<div class=\"elementor-element elementor-element-d220260 e-flex e-con-boxed e-con e-parent\" data-id=\"d220260\" data-element_type=\"container\" data-e-type=\"container\">\n\t\t\t\t\t<div class=\"e-con-inner\">\n\t\t<div class=\"elementor-element elementor-element-50e26c8 e-con-full e-flex e-con e-child\" data-id=\"50e26c8\" data-element_type=\"container\" data-e-type=\"container\">\n\t\t\t\t<div class=\"elementor-element elementor-element-25142b9 elementor-widget elementor-widget-text-editor\" data-id=\"25142b9\" data-element_type=\"widget\" data-e-type=\"widget\" data-widget_type=\"text-editor.default\">\n\t\t\t\t\t\t\t\t\t<h2 data-section-id=\"1oher2q\" data-start=\"149\" data-end=\"172\">1. \u00c9diteur du site<\/h2><p data-start=\"173\" data-end=\"415\">Le pr\u00e9sent site est \u00e9dit\u00e9 par :<br data-start=\"204\" data-end=\"207\" \/><strong data-start=\"207\" data-end=\"233\">Chocolaterie des Chefs<\/strong><br data-start=\"233\" data-end=\"236\" \/>Dirigeant : <strong data-start=\"248\" data-end=\"267\">Lionel GASIOREK<\/strong><br data-start=\"267\" data-end=\"270\" \/>Statut : SAS<br data-start=\"311\" data-end=\"314\" \/>Adresse :\u00a08 RUE DE VILLAUPRE 57530 OGY-MONTOY-FLANVILLE<br data-start=\"372\" data-end=\"375\" \/>Email : <a rel=\"noopener\" data-start=\"383\" data-end=\"413\">chocolateriedeschefs@orange.fr<\/a><\/p><p data-start=\"417\" data-end=\"507\">Num\u00e9ro SIRET :\u00a099273723900010<br data-start=\"445\" data-end=\"448\" \/>Num\u00e9ro TVA intracommunautaire :\u00a0FR68992737239<\/p><h2 data-section-id=\"1m4qokd\" data-start=\"514\" data-end=\"533\">2. H\u00e9bergement<\/h2><p data-start=\"534\" data-end=\"621\">Le site est h\u00e9berg\u00e9 par :<br data-start=\"559\" data-end=\"562\" \/>OVH<br data-start=\"582\" data-end=\"585\" \/>2 rue Kellermann &#8211; 59100 Roubaix &#8211; France<br data-start=\"594\" data-end=\"597\" \/>+33 9 72 10 10 07<br data-start=\"608\" data-end=\"611\" \/>https:\/\/www.ovhcloud.com\/<\/p><p data-start=\"534\" data-end=\"621\"><span style=\"color: #040404; font-size: 28px; background-color: rgba(0, 0, 0, 0);\">3. Propri\u00e9t\u00e9 intellectuelle<\/span><\/p><p data-start=\"661\" data-end=\"824\">L\u2019ensemble du contenu pr\u00e9sent sur ce site (textes, images, graphismes, logo, etc.) est la propri\u00e9t\u00e9 exclusive de la Chocolaterie des Chefs, sauf mention contraire.<\/p><p data-start=\"826\" data-end=\"955\">Toute reproduction, repr\u00e9sentation, modification ou exploitation, totale ou partielle, est interdite sans autorisation pr\u00e9alable.<\/p><p data-start=\"826\" data-end=\"955\"><span style=\"color: #040404; font-size: 28px; background-color: rgba(0, 0, 0, 0);\">4. Responsabilit\u00e9<\/span><\/p><p data-start=\"985\" data-end=\"1188\">La Chocolaterie des Chefs s\u2019efforce de fournir des informations aussi pr\u00e9cises que possible. Toutefois, elle ne pourra \u00eatre tenue responsable des omissions, inexactitudes ou carences dans la mise \u00e0 jour.<\/p><p data-start=\"1190\" data-end=\"1281\">L\u2019utilisateur est seul responsable de l\u2019utilisation des informations pr\u00e9sentes sur le site.<\/p><p data-start=\"1190\" data-end=\"1281\"><span style=\"color: #040404; font-size: 28px; background-color: rgba(0, 0, 0, 0);\">5. Donn\u00e9es personnelles<\/span><\/p><p data-start=\"1317\" data-end=\"1469\">Les informations collect\u00e9es via le site (formulaire de contact, compte client, etc.) sont utilis\u00e9es uniquement dans le cadre de la relation commerciale.<\/p><p data-start=\"1471\" data-end=\"1625\">Conform\u00e9ment au RGPD, vous disposez d\u2019un droit d\u2019acc\u00e8s, de rectification et de suppression de vos donn\u00e9es en contactant :<br data-start=\"1592\" data-end=\"1595\" \/><a rel=\"noopener\" data-start=\"1595\" data-end=\"1625\">chocolateriedeschefs@orange.fr<\/a><\/p><h2 data-section-id=\"hl8e22\" data-start=\"1632\" data-end=\"1647\">6. Cookies<\/h2><p data-start=\"1648\" data-end=\"1825\">Le site utilise des cookies pour am\u00e9liorer l\u2019exp\u00e9rience utilisateur et analyser la navigation. Vous pouvez accepter ou refuser leur utilisation via le bandeau pr\u00e9vu \u00e0 cet effet.<\/p>\t\t\t\t\t\t\t\t<\/div>\n\t\t\t\t<\/div>\n\t\t\t\t\t<\/div>\n\t\t\t\t<\/div>\n\t\t\t\t<\/div>\n\t\t","protected":false},"excerpt":{"rendered":"<p>Mentions l\u00e9gales D\u00e9couvrir les gourmandises Contactez-nous ! 1. \u00c9diteur du site Le pr\u00e9sent site est \u00e9dit\u00e9 par :Chocolaterie des ChefsDirigeant : Lionel GASIOREKStatut : SASAdresse :\u00a08 RUE DE VILLAUPRE 57530 OGY-MONTOY-FLANVILLEEmail : chocolateriedeschefs@orange.fr Num\u00e9ro SIRET :\u00a099273723900010Num\u00e9ro TVA intracommunautaire :\u00a0FR68992737239 2. H\u00e9bergement Le site est h\u00e9berg\u00e9 par :OVH2 rue Kellermann &#8211; 59100 Roubaix &#8211; France+33 9&#8230;<\/p>\n","protected":false},"author":2,"featured_media":0,"parent":0,"menu_order":0,"comment_status":"closed","ping_status":"closed","template":"","meta":{"_kad_post_transparent":"","_kad_post_title":"hide","_kad_post_layout":"fullwidth","_kad_post_sidebar_id":"","_kad_post_content_style":"unboxed","_kad_post_vertical_padding":"hide","_kad_post_feature":"hide","_kad_post_feature_position":"","_kad_post_header":false,"_kad_post_footer":false,"_kad_post_classname":"","footnotes":""},"class_list":["post-218","page","type-page","status-publish","hentry"],"_links":{"self":[{"href":"https:\/\/chocolateriedeschefs.com\/index.php\/wp-json\/wp\/v2\/pages\/218","targetHints":{"allow":["GET"]}}],"collection":[{"href":"https:\/\/chocolateriedeschefs.com\/index.php\/wp-json\/wp\/v2\/pages"}],"about":[{"href":"https:\/\/chocolateriedeschefs.com\/index.php\/wp-json\/wp\/v2\/types\/page"}],"author":[{"embeddable":true,"href":"https:\/\/chocolateriedeschefs.com\/index.php\/wp-json\/wp\/v2\/users\/2"}],"replies":[{"embeddable":true,"href":"https:\/\/chocolateriedeschefs.com\/index.php\/wp-json\/wp\/v2\/comments?post=218"}],"version-history":[{"count":10,"href":"https:\/\/chocolateriedeschefs.com\/index.php\/wp-json\/wp\/v2\/pages\/218\/revisions"}],"predecessor-version":[{"id":228,"href":"https:\/\/chocolateriedeschefs.com\/index.php\/wp-json\/wp\/v2\/pages\/218\/revisions\/228"}],"wp:attachment":[{"href":"https:\/\/chocolateriedeschefs.com\/index.php\/wp-json\/wp\/v2\/media?parent=218"}],"curies":[{"name":"wp","href":"https:\/\/api.w.org\/{rel}","templated":true}]}}